{"id":986,"date":"2026-05-12T09:50:16","date_gmt":"2026-05-12T07:50:16","guid":{"rendered":"https:\/\/leventdeco.com\/?post_type=product&#038;p=986"},"modified":"2026-05-12T10:22:17","modified_gmt":"2026-05-12T08:22:17","slug":"colonne","status":"publish","type":"product","link":"https:\/\/leventdeco.com\/index.php\/produit\/colonne\/","title":{"rendered":"Colonne"},"content":{"rendered":"<p>Colonne blanche: 25x25x80 cm<\/p>\n<p>&nbsp;<\/p>\n<p>&nbsp;<\/p>\n<p><strong>Une caution de 100 euros vous sera demand\u00e9e au retrait, elle ne sera pas encaiss\u00e9e sauf en cas de non restitution du mat\u00e9riel ou mat\u00e9riel endommag\u00e9.<\/strong><\/p>\n<p><strong>Cette caution s&rsquo;additionnera a d&rsquo;autres si vous prenez plusieurs produits.<\/strong><\/p>\n","protected":false},"excerpt":{"rendered":"<p>Colonne blanche: 25x25x80 cm &nbsp; &nbsp; Une caution de 100 euros vous sera demand\u00e9e au retrait, elle ne sera pas encaiss\u00e9e sauf en cas de non restitution du mat\u00e9riel ou mat\u00e9riel endommag\u00e9. Cette caution s&rsquo;additionnera a d&rsquo;autres si vous prenez plusieurs produits.<\/p>\n","protected":false},"featured_media":973,"comment_status":"open","ping_status":"closed","template":"","meta":[],"product_brand":[],"product_cat":[15],"product_tag":[],"mwb_booking_cost":[],"mwb_booking_service":[],"class_list":{"0":"post-986","1":"product","2":"type-product","3":"status-publish","4":"has-post-thumbnail","6":"product_cat-mobilier","8":"first","9":"instock","10":"shipping-taxable","11":"purchasable","12":"product-type-simple"},"aioseo_notices":[],"_links":{"self":[{"href":"https:\/\/leventdeco.com\/index.php\/wp-json\/wp\/v2\/product\/986","targetHints":{"allow":["GET"]}}],"collection":[{"href":"https:\/\/leventdeco.com\/index.php\/wp-json\/wp\/v2\/product"}],"about":[{"href":"https:\/\/leventdeco.com\/index.php\/wp-json\/wp\/v2\/types\/product"}],"replies":[{"embeddable":true,"href":"https:\/\/leventdeco.com\/index.php\/wp-json\/wp\/v2\/comments?post=986"}],"wp:featuredmedia":[{"embeddable":true,"href":"https:\/\/leventdeco.com\/index.php\/wp-json\/wp\/v2\/media\/973"}],"wp:attachment":[{"href":"https:\/\/leventdeco.com\/index.php\/wp-json\/wp\/v2\/media?parent=986"}],"wp:term":[{"taxonomy":"product_brand","embeddable":true,"href":"https:\/\/leventdeco.com\/index.php\/wp-json\/wp\/v2\/product_brand?post=986"},{"taxonomy":"product_cat","embeddable":true,"href":"https:\/\/leventdeco.com\/index.php\/wp-json\/wp\/v2\/product_cat?post=986"},{"taxonomy":"product_tag","embeddable":true,"href":"https:\/\/leventdeco.com\/index.php\/wp-json\/wp\/v2\/product_tag?post=986"},{"taxonomy":"mwb_booking_cost","embeddable":true,"href":"https:\/\/leventdeco.com\/index.php\/wp-json\/wp\/v2\/mwb_booking_cost?post=986"},{"taxonomy":"mwb_booking_service","embeddable":true,"href":"https:\/\/leventdeco.com\/index.php\/wp-json\/wp\/v2\/mwb_booking_service?post=986"}],"curies":[{"name":"wp","href":"https:\/\/api.w.org\/{rel}","templated":true}]}}