{"id":870,"date":"2025-11-17T19:56:33","date_gmt":"2025-11-17T18:56:33","guid":{"rendered":"https:\/\/leventdeco.com\/?post_type=product&#038;p=870"},"modified":"2025-11-17T20:22:14","modified_gmt":"2025-11-17T19:22:14","slug":"grande-composition-rose-poudre","status":"publish","type":"product","link":"https:\/\/leventdeco.com\/index.php\/produit\/grande-composition-rose-poudre\/","title":{"rendered":"Grande composition rose poudr\u00e9"},"content":{"rendered":"","protected":false},"excerpt":{"rendered":"<p><strong>Grande composition rose poudr\u00e9 en fleurs s\u00e9ch\u00e9es\u00a0<\/strong><\/p>\n","protected":false},"featured_media":820,"comment_status":"open","ping_status":"closed","template":"","meta":[],"product_brand":[],"product_cat":[22,57,98],"product_tag":[],"mwb_booking_cost":[],"mwb_booking_service":[],"class_list":{"0":"post-870","1":"product","2":"type-product","3":"status-publish","4":"has-post-thumbnail","6":"product_cat-arche","7":"product_cat-arche-rectangle-compositions","8":"product_cat-booking","10":"first","11":"instock","12":"virtual","13":"purchasable","14":"product-type-mwb_booking"},"aioseo_notices":[],"_links":{"self":[{"href":"https:\/\/leventdeco.com\/index.php\/wp-json\/wp\/v2\/product\/870","targetHints":{"allow":["GET"]}}],"collection":[{"href":"https:\/\/leventdeco.com\/index.php\/wp-json\/wp\/v2\/product"}],"about":[{"href":"https:\/\/leventdeco.com\/index.php\/wp-json\/wp\/v2\/types\/product"}],"replies":[{"embeddable":true,"href":"https:\/\/leventdeco.com\/index.php\/wp-json\/wp\/v2\/comments?post=870"}],"wp:featuredmedia":[{"embeddable":true,"href":"https:\/\/leventdeco.com\/index.php\/wp-json\/wp\/v2\/media\/820"}],"wp:attachment":[{"href":"https:\/\/leventdeco.com\/index.php\/wp-json\/wp\/v2\/media?parent=870"}],"wp:term":[{"taxonomy":"product_brand","embeddable":true,"href":"https:\/\/leventdeco.com\/index.php\/wp-json\/wp\/v2\/product_brand?post=870"},{"taxonomy":"product_cat","embeddable":true,"href":"https:\/\/leventdeco.com\/index.php\/wp-json\/wp\/v2\/product_cat?post=870"},{"taxonomy":"product_tag","embeddable":true,"href":"https:\/\/leventdeco.com\/index.php\/wp-json\/wp\/v2\/product_tag?post=870"},{"taxonomy":"mwb_booking_cost","embeddable":true,"href":"https:\/\/leventdeco.com\/index.php\/wp-json\/wp\/v2\/mwb_booking_cost?post=870"},{"taxonomy":"mwb_booking_service","embeddable":true,"href":"https:\/\/leventdeco.com\/index.php\/wp-json\/wp\/v2\/mwb_booking_service?post=870"}],"curies":[{"name":"wp","href":"https:\/\/api.w.org\/{rel}","templated":true}]}}