{"id":587,"date":"2024-04-19T17:45:22","date_gmt":"2024-04-19T15:45:22","guid":{"rendered":"https:\/\/leventdeco.com\/?post_type=product&#038;p=587"},"modified":"2025-11-08T15:28:58","modified_gmt":"2025-11-08T14:28:58","slug":"rideau-blanc","status":"publish","type":"product","link":"https:\/\/leventdeco.com\/index.php\/produit\/rideau-blanc\/","title":{"rendered":"Rideau Blanc"},"content":{"rendered":"<p><strong>Une caution de 60 euros vous sera demand\u00e9e au retrait, elle ne sera pas encaiss\u00e9e sauf en cas de non restitution du mat\u00e9riel ou mat\u00e9riel endommag\u00e9.<\/strong><\/p>\n<p><strong>Cette caution s\u2019additionnera a d\u2019autres si vous prenez plusieurs produits.<\/strong><\/p>\n","protected":false},"excerpt":{"rendered":"<p>Location de rideau blanc pliss\u00e9 pour embellir votre r\u00e9ception.<\/p>\n<p><strong> Entretien : <\/strong>le rideau vous est <strong>livr\u00e9 lav\u00e9 et repass\u00e9<\/strong>, puis nous nous chargeons de l&rsquo;entretien du rideau apr\u00e8s votre \u00e9v\u00e9nement pour plus de tranquillit\u00e9 d&rsquo;esprit.<\/p>\n<p><strong>Le prix comprend un rideau de 3x3m \u00e0 mettre au milieu.<\/strong><\/p>\n<p><strong>Mati\u00e8re :<\/strong> polyester<\/p>\n<p><strong>Couleur :<\/strong> blanc<\/p>\n<p><strong> Dimensions :<\/strong> 3x3m<\/p>\n","protected":false},"featured_media":860,"comment_status":"open","ping_status":"closed","template":"","meta":[],"product_brand":[],"product_cat":[98,15],"product_tag":[],"mwb_booking_cost":[],"mwb_booking_service":[],"class_list":{"0":"post-587","1":"product","2":"type-product","3":"status-publish","4":"has-post-thumbnail","6":"product_cat-booking","7":"product_cat-mobilier","9":"first","10":"instock","11":"virtual","12":"purchasable","13":"product-type-mwb_booking"},"aioseo_notices":[],"_links":{"self":[{"href":"https:\/\/leventdeco.com\/index.php\/wp-json\/wp\/v2\/product\/587","targetHints":{"allow":["GET"]}}],"collection":[{"href":"https:\/\/leventdeco.com\/index.php\/wp-json\/wp\/v2\/product"}],"about":[{"href":"https:\/\/leventdeco.com\/index.php\/wp-json\/wp\/v2\/types\/product"}],"replies":[{"embeddable":true,"href":"https:\/\/leventdeco.com\/index.php\/wp-json\/wp\/v2\/comments?post=587"}],"wp:featuredmedia":[{"embeddable":true,"href":"https:\/\/leventdeco.com\/index.php\/wp-json\/wp\/v2\/media\/860"}],"wp:attachment":[{"href":"https:\/\/leventdeco.com\/index.php\/wp-json\/wp\/v2\/media?parent=587"}],"wp:term":[{"taxonomy":"product_brand","embeddable":true,"href":"https:\/\/leventdeco.com\/index.php\/wp-json\/wp\/v2\/product_brand?post=587"},{"taxonomy":"product_cat","embeddable":true,"href":"https:\/\/leventdeco.com\/index.php\/wp-json\/wp\/v2\/product_cat?post=587"},{"taxonomy":"product_tag","embeddable":true,"href":"https:\/\/leventdeco.com\/index.php\/wp-json\/wp\/v2\/product_tag?post=587"},{"taxonomy":"mwb_booking_cost","embeddable":true,"href":"https:\/\/leventdeco.com\/index.php\/wp-json\/wp\/v2\/mwb_booking_cost?post=587"},{"taxonomy":"mwb_booking_service","embeddable":true,"href":"https:\/\/leventdeco.com\/index.php\/wp-json\/wp\/v2\/mwb_booking_service?post=587"}],"curies":[{"name":"wp","href":"https:\/\/api.w.org\/{rel}","templated":true}]}}