{"id":384,"date":"2024-03-26T15:08:27","date_gmt":"2024-03-26T14:08:27","guid":{"rendered":"https:\/\/leventdeco.com\/?post_type=product&#038;p=384"},"modified":"2025-10-01T20:58:07","modified_gmt":"2025-10-01T18:58:07","slug":"housse-de-mange-debout","status":"publish","type":"product","link":"https:\/\/leventdeco.com\/index.php\/produit\/housse-de-mange-debout\/","title":{"rendered":"Housse de mange debout"},"content":{"rendered":"<p><strong>Une caution de 15 euros vous sera demand\u00e9e au retrait, elle ne sera pas encaiss\u00e9e sauf en cas de non restitution du mat\u00e9riel ou mat\u00e9riel endommag\u00e9.<\/strong><\/p>\n<p><strong>Cette caution s\u2019additionnera a d\u2019autres si vous prenez plusieurs produits.<\/strong><\/p>\n","protected":false},"excerpt":{"rendered":"<p>Housse de mange debout.<\/p>\n<p><strong> Mat\u00e9riau<\/strong>\u00a0: polyester<\/p>\n<p><strong>Couleur<\/strong> : blanche<\/p>\n","protected":false},"featured_media":821,"comment_status":"open","ping_status":"closed","template":"","meta":[],"product_brand":[],"product_cat":[98,15],"product_tag":[],"mwb_booking_cost":[],"mwb_booking_service":[],"class_list":{"0":"post-384","1":"product","2":"type-product","3":"status-publish","4":"has-post-thumbnail","6":"product_cat-booking","7":"product_cat-mobilier","9":"first","10":"instock","11":"virtual","12":"purchasable","13":"product-type-mwb_booking"},"aioseo_notices":[],"_links":{"self":[{"href":"https:\/\/leventdeco.com\/index.php\/wp-json\/wp\/v2\/product\/384","targetHints":{"allow":["GET"]}}],"collection":[{"href":"https:\/\/leventdeco.com\/index.php\/wp-json\/wp\/v2\/product"}],"about":[{"href":"https:\/\/leventdeco.com\/index.php\/wp-json\/wp\/v2\/types\/product"}],"replies":[{"embeddable":true,"href":"https:\/\/leventdeco.com\/index.php\/wp-json\/wp\/v2\/comments?post=384"}],"wp:featuredmedia":[{"embeddable":true,"href":"https:\/\/leventdeco.com\/index.php\/wp-json\/wp\/v2\/media\/821"}],"wp:attachment":[{"href":"https:\/\/leventdeco.com\/index.php\/wp-json\/wp\/v2\/media?parent=384"}],"wp:term":[{"taxonomy":"product_brand","embeddable":true,"href":"https:\/\/leventdeco.com\/index.php\/wp-json\/wp\/v2\/product_brand?post=384"},{"taxonomy":"product_cat","embeddable":true,"href":"https:\/\/leventdeco.com\/index.php\/wp-json\/wp\/v2\/product_cat?post=384"},{"taxonomy":"product_tag","embeddable":true,"href":"https:\/\/leventdeco.com\/index.php\/wp-json\/wp\/v2\/product_tag?post=384"},{"taxonomy":"mwb_booking_cost","embeddable":true,"href":"https:\/\/leventdeco.com\/index.php\/wp-json\/wp\/v2\/mwb_booking_cost?post=384"},{"taxonomy":"mwb_booking_service","embeddable":true,"href":"https:\/\/leventdeco.com\/index.php\/wp-json\/wp\/v2\/mwb_booking_service?post=384"}],"curies":[{"name":"wp","href":"https:\/\/api.w.org\/{rel}","templated":true}]}}