{"id":310,"date":"2024-03-25T19:24:40","date_gmt":"2024-03-25T18:24:40","guid":{"rendered":"https:\/\/leventdeco.com\/?post_type=product&#038;p=310"},"modified":"2025-11-17T21:33:53","modified_gmt":"2025-11-17T20:33:53","slug":"rideau-lumineux-avec-voilage","status":"publish","type":"product","link":"https:\/\/leventdeco.com\/index.php\/produit\/rideau-lumineux-avec-voilage\/","title":{"rendered":"Rideau lumineux avec voilage"},"content":{"rendered":"<p><strong>Une caution de 100 euros vous sera demand\u00e9e au retrait, elle ne sera pas encaiss\u00e9e sauf en cas de non restitution du mat\u00e9riel ou mat\u00e9riel endommag\u00e9.<\/strong><\/p>\n<p><strong>Cette caution s\u2019additionnera a d\u2019autres si vous prenez plusieurs produits.<\/strong><\/p>\n","protected":false},"excerpt":{"rendered":"<p>Nous vous proposons \u00e0 la location ce <strong>rideau lumineux<\/strong> pour sublimer votre <strong>salle de r\u00e9ception<\/strong> ou\/et cr\u00e9er un <strong>jolie coin des mari\u00e9s<\/strong> pour un effet <strong>romantique<\/strong> et <strong>chic<\/strong>.<\/p>\n<p><strong> Entretien :<\/strong> le rideau vous est <strong>livr\u00e9 lav\u00e9 et repass\u00e9<\/strong>, puis nous nous chargeons de l&rsquo;entretien du rideau apr\u00e8s votre \u00e9v\u00e9nement pour plus de tranquillit\u00e9 d&rsquo;esprit.<\/p>\n<p><strong> Le prix comprend un rideau pliss\u00e9 avec derri\u00e8re un voilage cousus et un rideau lumineux de 3x3m \u00e0 mettre au milieu. <\/strong><\/p>\n<p>Une <strong>t\u00e9l\u00e9commande<\/strong> vous permettre de <strong>choisir<\/strong> une <strong>lumi\u00e8re fixe<\/strong> soit des <strong>jeux de lumi\u00e8res<\/strong>.<\/p>\n<p><strong>Branchement \u00e9lectrique :<\/strong> nous avons soit un rideau lumineux \u00e0 pile (pile fourni) soit \u00e0 brancher sur secteur.<\/p>\n<p><strong>Mati\u00e8re :<\/strong> polyester<\/p>\n<p><strong>Couleur :<\/strong> blanc<\/p>\n<p><strong> Dimensions :<\/strong> 3x3m<\/p>\n<p><strong>Non ignifug\u00e9.<\/strong><\/p>\n","protected":false},"featured_media":875,"comment_status":"open","ping_status":"closed","template":"","meta":[],"product_brand":[],"product_cat":[98,23],"product_tag":[],"mwb_booking_cost":[],"mwb_booking_service":[],"class_list":{"0":"post-310","1":"product","2":"type-product","3":"status-publish","4":"has-post-thumbnail","6":"product_cat-booking","7":"product_cat-luminaire","9":"first","10":"instock","11":"virtual","12":"purchasable","13":"product-type-mwb_booking"},"aioseo_notices":[],"_links":{"self":[{"href":"https:\/\/leventdeco.com\/index.php\/wp-json\/wp\/v2\/product\/310","targetHints":{"allow":["GET"]}}],"collection":[{"href":"https:\/\/leventdeco.com\/index.php\/wp-json\/wp\/v2\/product"}],"about":[{"href":"https:\/\/leventdeco.com\/index.php\/wp-json\/wp\/v2\/types\/product"}],"replies":[{"embeddable":true,"href":"https:\/\/leventdeco.com\/index.php\/wp-json\/wp\/v2\/comments?post=310"}],"wp:featuredmedia":[{"embeddable":true,"href":"https:\/\/leventdeco.com\/index.php\/wp-json\/wp\/v2\/media\/875"}],"wp:attachment":[{"href":"https:\/\/leventdeco.com\/index.php\/wp-json\/wp\/v2\/media?parent=310"}],"wp:term":[{"taxonomy":"product_brand","embeddable":true,"href":"https:\/\/leventdeco.com\/index.php\/wp-json\/wp\/v2\/product_brand?post=310"},{"taxonomy":"product_cat","embeddable":true,"href":"https:\/\/leventdeco.com\/index.php\/wp-json\/wp\/v2\/product_cat?post=310"},{"taxonomy":"product_tag","embeddable":true,"href":"https:\/\/leventdeco.com\/index.php\/wp-json\/wp\/v2\/product_tag?post=310"},{"taxonomy":"mwb_booking_cost","embeddable":true,"href":"https:\/\/leventdeco.com\/index.php\/wp-json\/wp\/v2\/mwb_booking_cost?post=310"},{"taxonomy":"mwb_booking_service","embeddable":true,"href":"https:\/\/leventdeco.com\/index.php\/wp-json\/wp\/v2\/mwb_booking_service?post=310"}],"curies":[{"name":"wp","href":"https:\/\/api.w.org\/{rel}","templated":true}]}}