{"id":289,"date":"2024-03-25T18:56:02","date_gmt":"2024-03-25T17:56:02","guid":{"rendered":"https:\/\/leventdeco.com\/?post_type=product&#038;p=289"},"modified":"2025-11-17T22:00:12","modified_gmt":"2025-11-17T21:00:12","slug":"mange-debout-housse-blanche","status":"publish","type":"product","link":"https:\/\/leventdeco.com\/index.php\/produit\/mange-debout-housse-blanche\/","title":{"rendered":"Mange debout"},"content":{"rendered":"<p><strong>Une caution de 50 euros vous sera demand\u00e9e au retrait, elle ne sera pas encaiss\u00e9e sauf en cas de non restitution du mat\u00e9riel ou mat\u00e9riel endommag\u00e9.<\/strong><\/p>\n<p><strong>Cette caution s\u2019additionnera a d\u2019autres si vous prenez plusieurs produits.<\/strong><\/p>\n","protected":false},"excerpt":{"rendered":"<p>Le <strong>mange debout<\/strong> est l&rsquo;atout incontournable pour vos r\u00e9ceptions.<\/p>\n<p><strong> Mat\u00e9riau<\/strong> : polyester<\/p>\n<p><strong>Couleur<\/strong> : blanc<\/p>\n<p><strong>Longueur<\/strong> : 81cm<\/p>\n<p><strong> Largeur<\/strong> : 81 cm<\/p>\n<p><strong> Hauteur<\/strong> : 110 cm<\/p>\n<p><strong>Poids<\/strong> : 17.5 kg<\/p>\n","protected":false},"featured_media":821,"comment_status":"open","ping_status":"closed","template":"","meta":[],"product_brand":[],"product_cat":[98,15],"product_tag":[],"mwb_booking_cost":[],"mwb_booking_service":[],"class_list":{"0":"post-289","1":"product","2":"type-product","3":"status-publish","4":"has-post-thumbnail","6":"product_cat-booking","7":"product_cat-mobilier","9":"first","10":"instock","11":"virtual","12":"purchasable","13":"product-type-mwb_booking"},"aioseo_notices":[],"_links":{"self":[{"href":"https:\/\/leventdeco.com\/index.php\/wp-json\/wp\/v2\/product\/289","targetHints":{"allow":["GET"]}}],"collection":[{"href":"https:\/\/leventdeco.com\/index.php\/wp-json\/wp\/v2\/product"}],"about":[{"href":"https:\/\/leventdeco.com\/index.php\/wp-json\/wp\/v2\/types\/product"}],"replies":[{"embeddable":true,"href":"https:\/\/leventdeco.com\/index.php\/wp-json\/wp\/v2\/comments?post=289"}],"wp:featuredmedia":[{"embeddable":true,"href":"https:\/\/leventdeco.com\/index.php\/wp-json\/wp\/v2\/media\/821"}],"wp:attachment":[{"href":"https:\/\/leventdeco.com\/index.php\/wp-json\/wp\/v2\/media?parent=289"}],"wp:term":[{"taxonomy":"product_brand","embeddable":true,"href":"https:\/\/leventdeco.com\/index.php\/wp-json\/wp\/v2\/product_brand?post=289"},{"taxonomy":"product_cat","embeddable":true,"href":"https:\/\/leventdeco.com\/index.php\/wp-json\/wp\/v2\/product_cat?post=289"},{"taxonomy":"product_tag","embeddable":true,"href":"https:\/\/leventdeco.com\/index.php\/wp-json\/wp\/v2\/product_tag?post=289"},{"taxonomy":"mwb_booking_cost","embeddable":true,"href":"https:\/\/leventdeco.com\/index.php\/wp-json\/wp\/v2\/mwb_booking_cost?post=289"},{"taxonomy":"mwb_booking_service","embeddable":true,"href":"https:\/\/leventdeco.com\/index.php\/wp-json\/wp\/v2\/mwb_booking_service?post=289"}],"curies":[{"name":"wp","href":"https:\/\/api.w.org\/{rel}","templated":true}]}}